{"id":186,"date":"2022-06-30T16:42:55","date_gmt":"2022-06-30T14:42:55","guid":{"rendered":"https:\/\/icaro.com\/?page_id=186"},"modified":"2023-10-09T10:30:34","modified_gmt":"2023-10-09T08:30:34","slug":"legal-information","status":"publish","type":"page","link":"https:\/\/icaro.com\/en\/legal-information\/","title":{"rendered":"Rechtliche Informationen"},"content":{"rendered":"\n<p><strong>Betreiber und Kontakt:<\/strong><br>Icaro Software GmbH<br>Industriestrasse 27 E<br>63834 Sulzbach am Main<br>Germany<br>E-Mail Adresse: info@icaro.com<\/p>\n\n\n\n<p><strong>Vertreter:<\/strong><br>Icaro Software GmbH wird vertreten durch Andreas Fritz und Stefan Eckstein<br>Registriert bei: AmtsG Aschaffenburg HRB 9602<br>Mehrwert Steuer ID: DE114167946<\/p>\n\n\n\n<p>Verantwortliche Person im Sinne des \u00a7 55 II RstV: Andreas Fritz<\/p>\n\n\n\n<p>ICARO ist eingetragene Wortbildmarke unter EM 009876442.<br>Die Online-Beilegung von Streitigkeiten erfolgt in \u00dcbereinstimmung mit Art. 14 Para. 1 ODR-VO<br>Die Europ\u00e4ische Kommission stellt eine Plattform zur Online-Streitbeilegung zur Verf\u00fcgung, unter <a href=\"http:\/\/ec.europa.eu\/consumers\/odr\/\" target=\"_blank\" rel=\"noopener\">http:\/\/ec.europa.eu\/consumers\/odr\/<\/a> .<\/p>\n","protected":false},"excerpt":{"rendered":"<p>Betreiber und Kontakt:Icaro Software GmbHIndustriestrasse 27 E63834 Sulzbach am MainGermanyE-Mail Adresse: info@icaro.com Vertreter:Icaro Software GmbH wird vertreten durch Andreas Fritz und Stefan EcksteinRegistriert bei: AmtsG Aschaffenburg HRB 9602Mehrwert Steuer ID: DE114167946 Verantwortliche Person im Sinne des \u00a7 55 II RstV: Andreas Fritz ICARO ist eingetragene Wortbildmarke unter EM 009876442.Die Online-Beilegung von Streitigkeiten erfolgt in \u00dcbereinstimmung mit Art. 14 Para. 1 ODR-VODie Europ\u00e4ische Kommission stellt eine Plattform zur Online-Streitbeilegung zur Verf\u00fcgung, unter http:\/\/ec.europa.eu\/consumers\/odr\/ .<\/p>\n","protected":false},"author":3,"featured_media":0,"parent":0,"menu_order":0,"comment_status":"closed","ping_status":"closed","template":"","meta":{"_themeisle_gutenberg_block_has_review":false,"footnotes":""},"class_list":["post-186","page","type-page","status-publish","hentry"],"_links":{"self":[{"href":"https:\/\/icaro.com\/en\/wp-json\/wp\/v2\/pages\/186","targetHints":{"allow":["GET"]}}],"collection":[{"href":"https:\/\/icaro.com\/en\/wp-json\/wp\/v2\/pages"}],"about":[{"href":"https:\/\/icaro.com\/en\/wp-json\/wp\/v2\/types\/page"}],"author":[{"embeddable":true,"href":"https:\/\/icaro.com\/en\/wp-json\/wp\/v2\/users\/3"}],"replies":[{"embeddable":true,"href":"https:\/\/icaro.com\/en\/wp-json\/wp\/v2\/comments?post=186"}],"version-history":[{"count":4,"href":"https:\/\/icaro.com\/en\/wp-json\/wp\/v2\/pages\/186\/revisions"}],"predecessor-version":[{"id":1231,"href":"https:\/\/icaro.com\/en\/wp-json\/wp\/v2\/pages\/186\/revisions\/1231"}],"wp:attachment":[{"href":"https:\/\/icaro.com\/en\/wp-json\/wp\/v2\/media?parent=186"}],"curies":[{"name":"wp","href":"https:\/\/api.w.org\/{rel}","templated":true}]}}